{"id":60,"date":"2026-03-12T21:26:30","date_gmt":"2026-03-12T20:26:30","guid":{"rendered":"https:\/\/l-research.com\/?page_id=60"},"modified":"2026-03-13T13:52:42","modified_gmt":"2026-03-13T12:52:42","slug":"a-propos","status":"publish","type":"page","link":"https:\/\/l-research.com\/fr\/a-propos\/","title":{"rendered":"About"},"content":{"rendered":"<h2>A propos<\/h2>\n<p>C\u00e9line Loscos est chercheuse en informatique graphique. Ses travaux portent sur la photographie computationnelle, la reconstruction 3D, et la r\u00e9alit\u00e9 mixte. Elle a occup\u00e9 des postes de chercheuse et d&rsquo;enseignante-chercheuse dans toute l&rsquo;Europe, notamment \u00e0 l&rsquo;University College London, \u00e0 l&rsquo;Universit\u00e9 de G\u00e9rone et \u00e0 l&rsquo;Universit\u00e9 de Reims Champagne-Ardenne. Ses contributions comprennent des travaux influents sur l&rsquo;imagerie HDR, le r\u00e9\u00e9clairage virtuel et la mod\u00e9lisation 3D. Apr\u00e8s avoir \u00e9t\u00e9 chercheuse principale au laboratoire de recherche en infographie de Huawei, elle a fond\u00e9 L Research, o\u00f9 elle continue d&rsquo;explorer les technologies d&rsquo;imagerie avanc\u00e9e et d&rsquo;infographie interactive en int\u00e9grant des solutions d&rsquo;intelligence artificielle.<\/p>\n\n\n<p><\/p>\n","protected":false},"excerpt":{"rendered":"<p>A propos C\u00e9line Loscos est chercheuse en informatique graphique. Ses travaux portent sur la photographie computationnelle, la reconstruction 3D, et [&hellip;]<\/p>\n","protected":false},"author":1,"featured_media":0,"parent":0,"menu_order":0,"comment_status":"closed","ping_status":"closed","template":"","meta":{"site-sidebar-layout":"no-sidebar","site-content-layout":"","ast-site-content-layout":"full-width-container","site-content-style":"default","site-sidebar-style":"default","ast-global-header-display":"","ast-banner-title-visibility":"","ast-main-header-display":"","ast-hfb-above-header-display":"","ast-hfb-below-header-display":"","ast-hfb-mobile-header-display":"","site-post-title":"","ast-breadcrumbs-content":"","ast-featured-img":"disabled","footer-sml-layout":"","ast-disable-related-posts":"","theme-transparent-header-meta":"","adv-header-id-meta":"","stick-header-meta":"","header-above-stick-meta":"","header-main-stick-meta":"","header-below-stick-meta":"","astra-migrate-meta-layouts":"default","ast-page-background-enabled":"default","ast-page-background-meta":{"desktop":{"background-color":"var(--ast-global-color-5)","background-image":"","background-repeat":"repeat","background-position":"center center","background-size":"auto","background-attachment":"scroll","background-type":"","background-media":"","overlay-type":"","overlay-color":"","overlay-opacity":"","overlay-gradient":""},"tablet":{"background-color":"","background-image":"","background-repeat":"repeat","background-position":"center center","background-size":"auto","background-attachment":"scroll","background-type":"","background-media":"","overlay-type":"","overlay-color":"","overlay-opacity":"","overlay-gradient":""},"mobile":{"background-color":"","background-image":"","background-repeat":"repeat","background-position":"center center","background-size":"auto","background-attachment":"scroll","background-type":"","background-media":"","overlay-type":"","overlay-color":"","overlay-opacity":"","overlay-gradient":""}},"ast-content-background-meta":{"desktop":{"background-color":"var(--ast-global-color-4)","background-image":"","background-repeat":"repeat","background-position":"center center","background-size":"auto","background-attachment":"scroll","background-type":"","background-media":"","overlay-type":"","overlay-color":"","overlay-opacity":"","overlay-gradient":""},"tablet":{"background-color":"var(--ast-global-color-4)","background-image":"","background-repeat":"repeat","background-position":"center center","background-size":"auto","background-attachment":"scroll","background-type":"","background-media":"","overlay-type":"","overlay-color":"","overlay-opacity":"","overlay-gradient":""},"mobile":{"background-color":"var(--ast-global-color-4)","background-image":"","background-repeat":"repeat","background-position":"center center","background-size":"auto","background-attachment":"scroll","background-type":"","background-media":"","overlay-type":"","overlay-color":"","overlay-opacity":"","overlay-gradient":""}},"footnotes":""},"class_list":["post-60","page","type-page","status-publish","hentry"],"translation":{"provider":"WPGlobus","version":"3.0.2","language":"fr","enabled_languages":["en","fr"],"languages":{"en":{"title":true,"content":true,"excerpt":false},"fr":{"title":false,"content":true,"excerpt":false}}},"_links":{"self":[{"href":"https:\/\/l-research.com\/fr\/wp-json\/wp\/v2\/pages\/60","targetHints":{"allow":["GET"]}}],"collection":[{"href":"https:\/\/l-research.com\/fr\/wp-json\/wp\/v2\/pages"}],"about":[{"href":"https:\/\/l-research.com\/fr\/wp-json\/wp\/v2\/types\/page"}],"author":[{"embeddable":true,"href":"https:\/\/l-research.com\/fr\/wp-json\/wp\/v2\/users\/1"}],"replies":[{"embeddable":true,"href":"https:\/\/l-research.com\/fr\/wp-json\/wp\/v2\/comments?post=60"}],"version-history":[{"count":12,"href":"https:\/\/l-research.com\/fr\/wp-json\/wp\/v2\/pages\/60\/revisions"}],"predecessor-version":[{"id":166,"href":"https:\/\/l-research.com\/fr\/wp-json\/wp\/v2\/pages\/60\/revisions\/166"}],"wp:attachment":[{"href":"https:\/\/l-research.com\/fr\/wp-json\/wp\/v2\/media?parent=60"}],"curies":[{"name":"wp","href":"https:\/\/api.w.org\/{rel}","templated":true}]}}